{"id":25431,"date":"2025-09-26T12:37:45","date_gmt":"2025-09-26T10:37:45","guid":{"rendered":"https:\/\/karolinanaji.com\/?post_type=product&#038;p=25431"},"modified":"2026-04-09T21:28:31","modified_gmt":"2026-04-09T19:28:31","slug":"chocolate-pants","status":"publish","type":"product","link":"https:\/\/karolinanaji.com\/en\/product\/chocolate-pants\/","title":{"rendered":"Chocolate Pants"},"content":{"rendered":"<ul>\n<li>Brown trousers made from a flowy, exceptionally soft fabric<\/li>\n<li>High-waisted, wide leg cut with a pleat at the front<\/li>\n<li>The wide belt beautifully collects and slims the waist<\/li>\n<li>Fastened with a hidden zipper on the side<\/li>\n<li>Adjustment at the back with buttons - you can adjust it to your figure<\/li>\n<\/ul>","protected":false},"excerpt":{"rendered":"<p>Br\u0105zowe spodnie o lej\u0105cej, niesamowicie przyjemnej tkaninie Wysoki stan, szeroki kr\u00f3j nogawki z zak\u0142adk\u0105 na przodzie Szeroki pas pi\u0119knie podkre\u015bli i wyszczupli tali\u0119 Z boku zapinane na kryty suwak Regulacja z ty\u0142u na guziki &#8211; mo\u017cliwo\u015b\u0107 dopasowania do swojej sylwetki<\/p>","protected":false},"featured_media":28003,"comment_status":"closed","ping_status":"closed","template":"","meta":{"_acf_changed":false,"inline_featured_image":false,"site-sidebar-layout":"default","site-content-layout":"default","ast-site-content-layout":"default","site-content-style":"default","site-sidebar-style":"default","ast-global-header-display":"","ast-banner-title-visibility":"","ast-main-header-display":"","ast-hfb-above-header-display":"","ast-hfb-below-header-display":"","ast-hfb-mobile-header-display":"","site-post-title":"","ast-breadcrumbs-content":"","ast-featured-img":"","footer-sml-layout":"","theme-transparent-header-meta":"default","adv-header-id-meta":"","stick-header-meta":"default","header-above-stick-meta":"","header-main-stick-meta":"","header-below-stick-meta":"","astra-migrate-meta-layouts":"set","ast-page-background-enabled":"default","ast-page-background-meta":{"desktop":{"background-color":"","background-image":"","background-repeat":"repeat","background-position":"center center","background-size":"auto","background-attachment":"scroll","background-type":"","background-media":"","overlay-type":"","overlay-color":"","overlay-opacity":"","overlay-gradient":""},"tablet":{"background-color":"","background-image":"","background-repeat":"repeat","background-position":"center center","background-size":"auto","background-attachment":"scroll","background-type":"","background-media":"","overlay-type":"","overlay-color":"","overlay-opacity":"","overlay-gradient":""},"mobile":{"background-color":"","background-image":"","background-repeat":"repeat","background-position":"center center","background-size":"auto","background-attachment":"scroll","background-type":"","background-media":"","overlay-type":"","overlay-color":"","overlay-opacity":"","overlay-gradient":""}},"ast-content-background-meta":{"desktop":{"background-color":"var(--ast-global-color-5)","background-image":"","background-repeat":"repeat","background-position":"center center","background-size":"auto","background-attachment":"scroll","background-type":"","background-media":"","overlay-type":"","overlay-color":"","overlay-opacity":"","overlay-gradient":""},"tablet":{"background-color":"var(--ast-global-color-5)","background-image":"","background-repeat":"repeat","background-position":"center center","background-size":"auto","background-attachment":"scroll","background-type":"","background-media":"","overlay-type":"","overlay-color":"","overlay-opacity":"","overlay-gradient":""},"mobile":{"background-color":"var(--ast-global-color-5)","background-image":"","background-repeat":"repeat","background-position":"center center","background-size":"auto","background-attachment":"scroll","background-type":"","background-media":"","overlay-type":"","overlay-color":"","overlay-opacity":"","overlay-gradient":""}}},"product_brand":[],"product_cat":[57,175,163,183],"product_tag":[],"product_status":[],"kolekcja":[],"class_list":{"0":"post-25431","1":"product","2":"type-product","3":"status-publish","4":"has-post-thumbnail","6":"product_cat-wszystkie","7":"product_cat-komplety","8":"product_cat-spodnie","9":"product_cat-winter-sale","10":"desktop-align-left","11":"tablet-align-left","12":"mobile-align-left","13":"ast-product-gallery-layout-horizontal","14":"ast-product-single-variable","15":"ast-product-tabs-layout-horizontal","17":"first","18":"instock","19":"sale","20":"taxable","21":"shipping-taxable","22":"purchasable","23":"product-type-variable"},"bundled_by":[],"bundle_stock_status":"instock","bundle_stock_quantity":1,"bundle_virtual":false,"bundle_layout":"","bundle_add_to_cart_form_location":"","bundle_editable_in_cart":false,"bundle_sold_individually_context":"","bundle_item_grouping":"","bundle_min_size":"","bundle_max_size":"","bundled_items":[],"bundle_sell_ids":[],"acf":[],"_links":{"self":[{"href":"https:\/\/karolinanaji.com\/en\/wp-json\/wp\/v2\/product\/25431","targetHints":{"allow":["GET"]}}],"collection":[{"href":"https:\/\/karolinanaji.com\/en\/wp-json\/wp\/v2\/product"}],"about":[{"href":"https:\/\/karolinanaji.com\/en\/wp-json\/wp\/v2\/types\/product"}],"replies":[{"embeddable":true,"href":"https:\/\/karolinanaji.com\/en\/wp-json\/wp\/v2\/comments?post=25431"}],"wp:featuredmedia":[{"embeddable":true,"href":"https:\/\/karolinanaji.com\/en\/wp-json\/wp\/v2\/media\/28003"}],"wp:attachment":[{"href":"https:\/\/karolinanaji.com\/en\/wp-json\/wp\/v2\/media?parent=25431"}],"wp:term":[{"taxonomy":"product_brand","embeddable":true,"href":"https:\/\/karolinanaji.com\/en\/wp-json\/wp\/v2\/product_brand?post=25431"},{"taxonomy":"product_cat","embeddable":true,"href":"https:\/\/karolinanaji.com\/en\/wp-json\/wp\/v2\/product_cat?post=25431"},{"taxonomy":"product_tag","embeddable":true,"href":"https:\/\/karolinanaji.com\/en\/wp-json\/wp\/v2\/product_tag?post=25431"},{"taxonomy":"product_status","embeddable":true,"href":"https:\/\/karolinanaji.com\/en\/wp-json\/wp\/v2\/product_status?post=25431"},{"taxonomy":"kolekcja","embeddable":true,"href":"https:\/\/karolinanaji.com\/en\/wp-json\/wp\/v2\/kolekcja?post=25431"}],"curies":[{"name":"wp","href":"https:\/\/api.w.org\/{rel}","templated":true}]}}