{"id":24390,"date":"2025-06-13T16:26:08","date_gmt":"2025-06-13T14:26:08","guid":{"rendered":"https:\/\/karolinanaji.com\/?post_type=product&#038;p=24390"},"modified":"2026-04-07T11:03:56","modified_gmt":"2026-04-07T09:03:56","slug":"linen-white-pants","status":"publish","type":"product","link":"https:\/\/karolinanaji.com\/en\/product\/linen-white-pants\/","title":{"rendered":"Linen Pants with detachable legs"},"content":{"rendered":"<p>&nbsp;<\/p>\n<ul>\n<li>3-in-1 linen trousers with interchangeable leg attachments<\/li>\n<li>The set includes a decorative embroidered ruffle<\/li>\n<li>Elastic waistband for a flexible fit, can be worn high- or low-waisted<\/li>\n<li>Can be styled in three different ways (without legs, with white linen bottoms, or with the ruffle)<\/li>\n<li>Create a set with <a href=\"https:\/\/karolinanaji.com\/en\/product\/bow-vest\/\">the Bow Vest<\/a><\/li>\n<\/ul>","protected":false},"excerpt":{"rendered":"<p>&nbsp; Lniane spodnie 3w1 z wymiennymi nogawkami W zestawie otrzymujesz: ozdobn\u0105 falbank\u0119 z haftem Gumka w talii \u2013 dla swobodnego dopasowania, mo\u017cesz nosi\u0107 z wysokim lub niskim stanem Mo\u017cliwo\u015b\u0107 stylizacji na trzy r\u00f3\u017cne sposoby (bez nogawek, z bia\u0142ym lnianym do\u0142em lub z falbank\u0105) Stw\u00f3rz zestaw z kamizelk\u0105 Bow Vest<\/p>","protected":false},"featured_media":26793,"comment_status":"closed","ping_status":"closed","template":"","meta":{"_acf_changed":false,"inline_featured_image":false,"site-sidebar-layout":"default","site-content-layout":"default","ast-site-content-layout":"default","site-content-style":"default","site-sidebar-style":"default","ast-global-header-display":"","ast-banner-title-visibility":"","ast-main-header-display":"","ast-hfb-above-header-display":"","ast-hfb-below-header-display":"","ast-hfb-mobile-header-display":"","site-post-title":"","ast-breadcrumbs-content":"","ast-featured-img":"","footer-sml-layout":"","theme-transparent-header-meta":"default","adv-header-id-meta":"","stick-header-meta":"default","header-above-stick-meta":"","header-main-stick-meta":"","header-below-stick-meta":"","astra-migrate-meta-layouts":"set","ast-page-background-enabled":"default","ast-page-background-meta":{"desktop":{"background-color":"","background-image":"","background-repeat":"repeat","background-position":"center center","background-size":"auto","background-attachment":"scroll","background-type":"","background-media":"","overlay-type":"","overlay-color":"","overlay-opacity":"","overlay-gradient":""},"tablet":{"background-color":"","background-image":"","background-repeat":"repeat","background-position":"center center","background-size":"auto","background-attachment":"scroll","background-type":"","background-media":"","overlay-type":"","overlay-color":"","overlay-opacity":"","overlay-gradient":""},"mobile":{"background-color":"","background-image":"","background-repeat":"repeat","background-position":"center center","background-size":"auto","background-attachment":"scroll","background-type":"","background-media":"","overlay-type":"","overlay-color":"","overlay-opacity":"","overlay-gradient":""}},"ast-content-background-meta":{"desktop":{"background-color":"var(--ast-global-color-5)","background-image":"","background-repeat":"repeat","background-position":"center center","background-size":"auto","background-attachment":"scroll","background-type":"","background-media":"","overlay-type":"","overlay-color":"","overlay-opacity":"","overlay-gradient":""},"tablet":{"background-color":"var(--ast-global-color-5)","background-image":"","background-repeat":"repeat","background-position":"center center","background-size":"auto","background-attachment":"scroll","background-type":"","background-media":"","overlay-type":"","overlay-color":"","overlay-opacity":"","overlay-gradient":""},"mobile":{"background-color":"var(--ast-global-color-5)","background-image":"","background-repeat":"repeat","background-position":"center center","background-size":"auto","background-attachment":"scroll","background-type":"","background-media":"","overlay-type":"","overlay-color":"","overlay-opacity":"","overlay-gradient":""}}},"product_brand":[],"product_cat":[57,175,163,183],"product_tag":[],"product_status":[],"kolekcja":[],"class_list":{"0":"post-24390","1":"product","2":"type-product","3":"status-publish","4":"has-post-thumbnail","6":"product_cat-wszystkie","7":"product_cat-komplety","8":"product_cat-spodnie","9":"product_cat-winter-sale","10":"desktop-align-left","11":"tablet-align-left","12":"mobile-align-left","13":"ast-product-gallery-layout-horizontal","14":"ast-product-single-variable","15":"ast-product-tabs-layout-horizontal","17":"first","18":"instock","19":"sale","20":"taxable","21":"shipping-taxable","22":"purchasable","23":"product-type-variable"},"bundled_by":[],"bundle_stock_status":"instock","bundle_stock_quantity":1,"bundle_virtual":false,"bundle_layout":"","bundle_add_to_cart_form_location":"","bundle_editable_in_cart":false,"bundle_sold_individually_context":"","bundle_item_grouping":"","bundle_min_size":"","bundle_max_size":"","bundled_items":[],"bundle_sell_ids":[],"acf":[],"_links":{"self":[{"href":"https:\/\/karolinanaji.com\/en\/wp-json\/wp\/v2\/product\/24390","targetHints":{"allow":["GET"]}}],"collection":[{"href":"https:\/\/karolinanaji.com\/en\/wp-json\/wp\/v2\/product"}],"about":[{"href":"https:\/\/karolinanaji.com\/en\/wp-json\/wp\/v2\/types\/product"}],"replies":[{"embeddable":true,"href":"https:\/\/karolinanaji.com\/en\/wp-json\/wp\/v2\/comments?post=24390"}],"wp:featuredmedia":[{"embeddable":true,"href":"https:\/\/karolinanaji.com\/en\/wp-json\/wp\/v2\/media\/26793"}],"wp:attachment":[{"href":"https:\/\/karolinanaji.com\/en\/wp-json\/wp\/v2\/media?parent=24390"}],"wp:term":[{"taxonomy":"product_brand","embeddable":true,"href":"https:\/\/karolinanaji.com\/en\/wp-json\/wp\/v2\/product_brand?post=24390"},{"taxonomy":"product_cat","embeddable":true,"href":"https:\/\/karolinanaji.com\/en\/wp-json\/wp\/v2\/product_cat?post=24390"},{"taxonomy":"product_tag","embeddable":true,"href":"https:\/\/karolinanaji.com\/en\/wp-json\/wp\/v2\/product_tag?post=24390"},{"taxonomy":"product_status","embeddable":true,"href":"https:\/\/karolinanaji.com\/en\/wp-json\/wp\/v2\/product_status?post=24390"},{"taxonomy":"kolekcja","embeddable":true,"href":"https:\/\/karolinanaji.com\/en\/wp-json\/wp\/v2\/kolekcja?post=24390"}],"curies":[{"name":"wp","href":"https:\/\/api.w.org\/{rel}","templated":true}]}}