{"id":23684,"date":"2025-04-09T14:30:50","date_gmt":"2025-04-09T12:30:50","guid":{"rendered":"https:\/\/karolinanaji.com\/?post_type=product&#038;p=23684"},"modified":"2026-04-22T15:09:29","modified_gmt":"2026-04-22T13:09:29","slug":"denim-jeans","status":"publish","type":"product","link":"https:\/\/karolinanaji.com\/en\/product\/denim-jeans\/","title":{"rendered":"Denim Jeans"},"content":{"rendered":"<ul>\n<li>Straight-leg jeans<\/li>\n<li>Made from dark Italian denim<\/li>\n<li>Mid-rise waist \u2013 for a comfortable fit<\/li>\n<li>Decorative center crease stitching along the legs<\/li>\n<li>Brown corduroy inserts in the form of pockets and belt loops<\/li>\n<\/ul>","protected":false},"excerpt":{"rendered":"<p>Spodnie jeansowe o prostych nogawkach Wykonane z w\u0142oskiego, ciemnego denimu \u015aredni stan (mid-rise) &#8211; dla komfortowego dopasowania Ozdobne przeszycie kantu na \u015brodku nogawek Wstawki z br\u0105zowego sztruksu w postaci kieszeni i szlufek<\/p>","protected":false},"featured_media":26768,"comment_status":"closed","ping_status":"closed","template":"","meta":{"_acf_changed":false,"inline_featured_image":false,"site-sidebar-layout":"default","site-content-layout":"default","ast-site-content-layout":"default","site-content-style":"default","site-sidebar-style":"default","ast-global-header-display":"","ast-banner-title-visibility":"","ast-main-header-display":"","ast-hfb-above-header-display":"","ast-hfb-below-header-display":"","ast-hfb-mobile-header-display":"","site-post-title":"","ast-breadcrumbs-content":"","ast-featured-img":"","footer-sml-layout":"","theme-transparent-header-meta":"default","adv-header-id-meta":"","stick-header-meta":"default","header-above-stick-meta":"","header-main-stick-meta":"","header-below-stick-meta":"","astra-migrate-meta-layouts":"set","ast-page-background-enabled":"default","ast-page-background-meta":{"desktop":{"background-color":"","background-image":"","background-repeat":"repeat","background-position":"center center","background-size":"auto","background-attachment":"scroll","background-type":"","background-media":"","overlay-type":"","overlay-color":"","overlay-opacity":"","overlay-gradient":""},"tablet":{"background-color":"","background-image":"","background-repeat":"repeat","background-position":"center center","background-size":"auto","background-attachment":"scroll","background-type":"","background-media":"","overlay-type":"","overlay-color":"","overlay-opacity":"","overlay-gradient":""},"mobile":{"background-color":"","background-image":"","background-repeat":"repeat","background-position":"center center","background-size":"auto","background-attachment":"scroll","background-type":"","background-media":"","overlay-type":"","overlay-color":"","overlay-opacity":"","overlay-gradient":""}},"ast-content-background-meta":{"desktop":{"background-color":"var(--ast-global-color-5)","background-image":"","background-repeat":"repeat","background-position":"center center","background-size":"auto","background-attachment":"scroll","background-type":"","background-media":"","overlay-type":"","overlay-color":"","overlay-opacity":"","overlay-gradient":""},"tablet":{"background-color":"var(--ast-global-color-5)","background-image":"","background-repeat":"repeat","background-position":"center center","background-size":"auto","background-attachment":"scroll","background-type":"","background-media":"","overlay-type":"","overlay-color":"","overlay-opacity":"","overlay-gradient":""},"mobile":{"background-color":"var(--ast-global-color-5)","background-image":"","background-repeat":"repeat","background-position":"center center","background-size":"auto","background-attachment":"scroll","background-type":"","background-media":"","overlay-type":"","overlay-color":"","overlay-opacity":"","overlay-gradient":""}}},"product_brand":[],"product_cat":[57,218,175,163,183],"product_tag":[],"product_status":[],"kolekcja":[],"class_list":{"0":"post-23684","1":"product","2":"type-product","3":"status-publish","4":"has-post-thumbnail","6":"product_cat-wszystkie","7":"product_cat-denim","8":"product_cat-komplety","9":"product_cat-spodnie","10":"product_cat-winter-sale","11":"desktop-align-left","12":"tablet-align-left","13":"mobile-align-left","14":"ast-product-gallery-layout-horizontal","15":"ast-product-single-variable","16":"ast-product-tabs-layout-horizontal","18":"first","19":"instock","20":"sale","21":"taxable","22":"shipping-taxable","23":"purchasable","24":"product-type-variable"},"bundled_by":[],"bundle_stock_status":"instock","bundle_stock_quantity":1,"bundle_virtual":false,"bundle_layout":"","bundle_add_to_cart_form_location":"","bundle_editable_in_cart":false,"bundle_sold_individually_context":"","bundle_item_grouping":"","bundle_min_size":"","bundle_max_size":"","bundled_items":[],"bundle_sell_ids":[],"acf":[],"_links":{"self":[{"href":"https:\/\/karolinanaji.com\/en\/wp-json\/wp\/v2\/product\/23684","targetHints":{"allow":["GET"]}}],"collection":[{"href":"https:\/\/karolinanaji.com\/en\/wp-json\/wp\/v2\/product"}],"about":[{"href":"https:\/\/karolinanaji.com\/en\/wp-json\/wp\/v2\/types\/product"}],"replies":[{"embeddable":true,"href":"https:\/\/karolinanaji.com\/en\/wp-json\/wp\/v2\/comments?post=23684"}],"wp:featuredmedia":[{"embeddable":true,"href":"https:\/\/karolinanaji.com\/en\/wp-json\/wp\/v2\/media\/26768"}],"wp:attachment":[{"href":"https:\/\/karolinanaji.com\/en\/wp-json\/wp\/v2\/media?parent=23684"}],"wp:term":[{"taxonomy":"product_brand","embeddable":true,"href":"https:\/\/karolinanaji.com\/en\/wp-json\/wp\/v2\/product_brand?post=23684"},{"taxonomy":"product_cat","embeddable":true,"href":"https:\/\/karolinanaji.com\/en\/wp-json\/wp\/v2\/product_cat?post=23684"},{"taxonomy":"product_tag","embeddable":true,"href":"https:\/\/karolinanaji.com\/en\/wp-json\/wp\/v2\/product_tag?post=23684"},{"taxonomy":"product_status","embeddable":true,"href":"https:\/\/karolinanaji.com\/en\/wp-json\/wp\/v2\/product_status?post=23684"},{"taxonomy":"kolekcja","embeddable":true,"href":"https:\/\/karolinanaji.com\/en\/wp-json\/wp\/v2\/kolekcja?post=23684"}],"curies":[{"name":"wp","href":"https:\/\/api.w.org\/{rel}","templated":true}]}}