{"id":23657,"date":"2025-04-09T14:04:43","date_gmt":"2025-04-09T12:04:43","guid":{"rendered":"https:\/\/karolinanaji.com\/?post_type=product&#038;p=23657"},"modified":"2026-04-03T10:53:13","modified_gmt":"2026-04-03T08:53:13","slug":"blue-crop-shirt","status":"publish","type":"product","link":"https:\/\/karolinanaji.com\/en\/product\/blue-crop-shirt\/","title":{"rendered":"Blue Crop Shirt with cufflinks"},"content":{"rendered":"<ul>\n<li>Cropped cotton shirt in blue<\/li>\n<li><span class=\"s2\">Shoulder pads with a detachable feature<\/span><\/li>\n<li>Cuffs fastened with logo cufflinks<\/li>\n<li>Includes: 1 pair of cufflinks<\/li>\n<li>Multiple cuff fastening options<\/li>\n<li>Large front pocket<\/li>\n<li>Contrasting white stitching<\/li>\n<li>Subtle brand logo embroidery in red<\/li>\n<li>Premium finish - internal covered French seam<\/li>\n<\/ul>","protected":false},"excerpt":{"rendered":"<p>Bawe\u0142niana koszula o kr\u00f3tszym kroju w kolorze niebieskim Poduszki w ramionach z funkcj\u0105 odpinania Mankiety zapinane na spinki z logo marki W zestawie otrzymujesz: 1 par\u0119 spinek R\u00f3\u017cne mo\u017cliwo\u015bci zapinania mankietu Du\u017ca kiesze\u0144 na przodzie koszuli Kontrastowe przeszycia w bia\u0142ym kolorze Subtelny haft z logo marki w kolorze czerwonym Premium wyko\u0144czenie &#8211; wewn\u0119trzne kryte szwy [&hellip;]<\/p>","protected":false},"featured_media":26782,"comment_status":"closed","ping_status":"closed","template":"","meta":{"_acf_changed":false,"inline_featured_image":false,"site-sidebar-layout":"default","site-content-layout":"default","ast-site-content-layout":"default","site-content-style":"default","site-sidebar-style":"default","ast-global-header-display":"","ast-banner-title-visibility":"","ast-main-header-display":"","ast-hfb-above-header-display":"","ast-hfb-below-header-display":"","ast-hfb-mobile-header-display":"","site-post-title":"","ast-breadcrumbs-content":"","ast-featured-img":"","footer-sml-layout":"","theme-transparent-header-meta":"default","adv-header-id-meta":"","stick-header-meta":"default","header-above-stick-meta":"","header-main-stick-meta":"","header-below-stick-meta":"","astra-migrate-meta-layouts":"set","ast-page-background-enabled":"default","ast-page-background-meta":{"desktop":{"background-color":"","background-image":"","background-repeat":"repeat","background-position":"center center","background-size":"auto","background-attachment":"scroll","background-type":"","background-media":"","overlay-type":"","overlay-color":"","overlay-opacity":"","overlay-gradient":""},"tablet":{"background-color":"","background-image":"","background-repeat":"repeat","background-position":"center center","background-size":"auto","background-attachment":"scroll","background-type":"","background-media":"","overlay-type":"","overlay-color":"","overlay-opacity":"","overlay-gradient":""},"mobile":{"background-color":"","background-image":"","background-repeat":"repeat","background-position":"center center","background-size":"auto","background-attachment":"scroll","background-type":"","background-media":"","overlay-type":"","overlay-color":"","overlay-opacity":"","overlay-gradient":""}},"ast-content-background-meta":{"desktop":{"background-color":"var(--ast-global-color-5)","background-image":"","background-repeat":"repeat","background-position":"center center","background-size":"auto","background-attachment":"scroll","background-type":"","background-media":"","overlay-type":"","overlay-color":"","overlay-opacity":"","overlay-gradient":""},"tablet":{"background-color":"var(--ast-global-color-5)","background-image":"","background-repeat":"repeat","background-position":"center center","background-size":"auto","background-attachment":"scroll","background-type":"","background-media":"","overlay-type":"","overlay-color":"","overlay-opacity":"","overlay-gradient":""},"mobile":{"background-color":"var(--ast-global-color-5)","background-image":"","background-repeat":"repeat","background-position":"center center","background-size":"auto","background-attachment":"scroll","background-type":"","background-media":"","overlay-type":"","overlay-color":"","overlay-opacity":"","overlay-gradient":""}}},"product_brand":[],"product_cat":[187,57,173,183],"product_tag":[],"product_status":[],"kolekcja":[],"class_list":{"0":"post-23657","1":"product","2":"type-product","3":"status-publish","4":"has-post-thumbnail","6":"product_cat-spinki","7":"product_cat-wszystkie","8":"product_cat-koszule","9":"product_cat-winter-sale","10":"desktop-align-left","11":"tablet-align-left","12":"mobile-align-left","13":"ast-product-gallery-layout-horizontal","14":"ast-product-single-variable","15":"ast-product-tabs-layout-horizontal","17":"first","18":"instock","19":"sale","20":"taxable","21":"shipping-taxable","22":"purchasable","23":"product-type-variable"},"bundled_by":[],"bundle_stock_status":"instock","bundle_stock_quantity":null,"bundle_virtual":false,"bundle_layout":"","bundle_add_to_cart_form_location":"","bundle_editable_in_cart":false,"bundle_sold_individually_context":"","bundle_item_grouping":"","bundle_min_size":"","bundle_max_size":"","bundled_items":[],"bundle_sell_ids":[],"acf":[],"_links":{"self":[{"href":"https:\/\/karolinanaji.com\/en\/wp-json\/wp\/v2\/product\/23657","targetHints":{"allow":["GET"]}}],"collection":[{"href":"https:\/\/karolinanaji.com\/en\/wp-json\/wp\/v2\/product"}],"about":[{"href":"https:\/\/karolinanaji.com\/en\/wp-json\/wp\/v2\/types\/product"}],"replies":[{"embeddable":true,"href":"https:\/\/karolinanaji.com\/en\/wp-json\/wp\/v2\/comments?post=23657"}],"wp:featuredmedia":[{"embeddable":true,"href":"https:\/\/karolinanaji.com\/en\/wp-json\/wp\/v2\/media\/26782"}],"wp:attachment":[{"href":"https:\/\/karolinanaji.com\/en\/wp-json\/wp\/v2\/media?parent=23657"}],"wp:term":[{"taxonomy":"product_brand","embeddable":true,"href":"https:\/\/karolinanaji.com\/en\/wp-json\/wp\/v2\/product_brand?post=23657"},{"taxonomy":"product_cat","embeddable":true,"href":"https:\/\/karolinanaji.com\/en\/wp-json\/wp\/v2\/product_cat?post=23657"},{"taxonomy":"product_tag","embeddable":true,"href":"https:\/\/karolinanaji.com\/en\/wp-json\/wp\/v2\/product_tag?post=23657"},{"taxonomy":"product_status","embeddable":true,"href":"https:\/\/karolinanaji.com\/en\/wp-json\/wp\/v2\/product_status?post=23657"},{"taxonomy":"kolekcja","embeddable":true,"href":"https:\/\/karolinanaji.com\/en\/wp-json\/wp\/v2\/kolekcja?post=23657"}],"curies":[{"name":"wp","href":"https:\/\/api.w.org\/{rel}","templated":true}]}}