{"id":16065,"date":"2023-07-07T09:50:23","date_gmt":"2023-07-07T09:50:23","guid":{"rendered":"https:\/\/karolinanaji.com\/?post_type=product&#038;p=16065"},"modified":"2025-11-25T08:41:17","modified_gmt":"2025-11-25T07:41:17","slug":"shorts-linen-white","status":"publish","type":"product","link":"https:\/\/karolinanaji.com\/en\/product\/shorts-linen-white\/","title":{"rendered":"Linen White Shorts"},"content":{"rendered":"<ul>\n<li>Linen shorts with a floral print<\/li>\n<li>High-waisted, wide leg cut with a pleat at the front<\/li>\n<li>Fastened with a hidden zipper on the side<\/li>\n<li>Pants adjustment at the waist with buttons at the back (can be adjusted to your figure)<\/li>\n<li>Each copy is unique with a different print arrangement<\/li>\n<li>The wide belt beautifully collects and slims the waist<\/li>\n<li>Premium finish - covered French seam<\/li>\n<\/ul>","protected":false},"excerpt":{"rendered":"<p>Lniane szorty w kwiatowy print Wysoki stan, szeroki kr\u00f3j nogawki z zak\u0142adk\u0105 na przodzie Z boku zapinane na kryty suwak Regulacja spodni w talii z ty\u0142u na guziczki (mo\u017cna dopasowa\u0107 do swojej sylwetki) Ka\u017cdy egzemplarz jest unikatowy o r\u00f3\u017cnym u\u0142o\u017ceniu printu Szeroki pas pi\u0119knie podkre\u015bli i wyszczupli tali\u0119 Premium wyko\u0144czenie &#8211; kryte szwy (francuski szew)<\/p>","protected":false},"featured_media":16521,"comment_status":"open","ping_status":"closed","template":"","meta":{"_acf_changed":false,"inline_featured_image":false,"site-sidebar-layout":"default","site-content-layout":"default","ast-site-content-layout":"default","site-content-style":"default","site-sidebar-style":"default","ast-global-header-display":"","ast-banner-title-visibility":"","ast-main-header-display":"","ast-hfb-above-header-display":"","ast-hfb-below-header-display":"","ast-hfb-mobile-header-display":"","site-post-title":"","ast-breadcrumbs-content":"","ast-featured-img":"","footer-sml-layout":"","theme-transparent-header-meta":"default","adv-header-id-meta":"","stick-header-meta":"default","header-above-stick-meta":"","header-main-stick-meta":"","header-below-stick-meta":"","astra-migrate-meta-layouts":"set","ast-page-background-enabled":"default","ast-page-background-meta":{"desktop":{"background-color":"","background-image":"","background-repeat":"repeat","background-position":"center center","background-size":"auto","background-attachment":"scroll","background-type":"","background-media":"","overlay-type":"","overlay-color":"","overlay-opacity":"","overlay-gradient":""},"tablet":{"background-color":"","background-image":"","background-repeat":"repeat","background-position":"center center","background-size":"auto","background-attachment":"scroll","background-type":"","background-media":"","overlay-type":"","overlay-color":"","overlay-opacity":"","overlay-gradient":""},"mobile":{"background-color":"","background-image":"","background-repeat":"repeat","background-position":"center center","background-size":"auto","background-attachment":"scroll","background-type":"","background-media":"","overlay-type":"","overlay-color":"","overlay-opacity":"","overlay-gradient":""}},"ast-content-background-meta":{"desktop":{"background-color":"var(--ast-global-color-5)","background-image":"","background-repeat":"repeat","background-position":"center center","background-size":"auto","background-attachment":"scroll","background-type":"","background-media":"","overlay-type":"","overlay-color":"","overlay-opacity":"","overlay-gradient":""},"tablet":{"background-color":"var(--ast-global-color-5)","background-image":"","background-repeat":"repeat","background-position":"center center","background-size":"auto","background-attachment":"scroll","background-type":"","background-media":"","overlay-type":"","overlay-color":"","overlay-opacity":"","overlay-gradient":""},"mobile":{"background-color":"var(--ast-global-color-5)","background-image":"","background-repeat":"repeat","background-position":"center center","background-size":"auto","background-attachment":"scroll","background-type":"","background-media":"","overlay-type":"","overlay-color":"","overlay-opacity":"","overlay-gradient":""}}},"product_brand":[],"product_cat":[183],"product_tag":[],"product_status":[],"kolekcja":[],"class_list":{"0":"post-16065","1":"product","2":"type-product","3":"status-publish","4":"has-post-thumbnail","6":"product_cat-winter-sale","7":"desktop-align-left","8":"tablet-align-left","9":"mobile-align-left","10":"ast-product-gallery-layout-horizontal","11":"ast-product-single-variable","12":"ast-product-tabs-layout-horizontal","14":"first","15":"instock","16":"sale","17":"taxable","18":"shipping-taxable","19":"purchasable","20":"product-type-variable"},"bundled_by":[],"bundle_stock_status":"instock","bundle_stock_quantity":null,"bundle_virtual":false,"bundle_layout":"","bundle_add_to_cart_form_location":"","bundle_editable_in_cart":false,"bundle_sold_individually_context":"","bundle_item_grouping":"","bundle_min_size":"","bundle_max_size":"","bundled_items":[],"bundle_sell_ids":[],"acf":[],"_links":{"self":[{"href":"https:\/\/karolinanaji.com\/en\/wp-json\/wp\/v2\/product\/16065","targetHints":{"allow":["GET"]}}],"collection":[{"href":"https:\/\/karolinanaji.com\/en\/wp-json\/wp\/v2\/product"}],"about":[{"href":"https:\/\/karolinanaji.com\/en\/wp-json\/wp\/v2\/types\/product"}],"replies":[{"embeddable":true,"href":"https:\/\/karolinanaji.com\/en\/wp-json\/wp\/v2\/comments?post=16065"}],"wp:featuredmedia":[{"embeddable":true,"href":"https:\/\/karolinanaji.com\/en\/wp-json\/wp\/v2\/media\/16521"}],"wp:attachment":[{"href":"https:\/\/karolinanaji.com\/en\/wp-json\/wp\/v2\/media?parent=16065"}],"wp:term":[{"taxonomy":"product_brand","embeddable":true,"href":"https:\/\/karolinanaji.com\/en\/wp-json\/wp\/v2\/product_brand?post=16065"},{"taxonomy":"product_cat","embeddable":true,"href":"https:\/\/karolinanaji.com\/en\/wp-json\/wp\/v2\/product_cat?post=16065"},{"taxonomy":"product_tag","embeddable":true,"href":"https:\/\/karolinanaji.com\/en\/wp-json\/wp\/v2\/product_tag?post=16065"},{"taxonomy":"product_status","embeddable":true,"href":"https:\/\/karolinanaji.com\/en\/wp-json\/wp\/v2\/product_status?post=16065"},{"taxonomy":"kolekcja","embeddable":true,"href":"https:\/\/karolinanaji.com\/en\/wp-json\/wp\/v2\/kolekcja?post=16065"}],"curies":[{"name":"wp","href":"https:\/\/api.w.org\/{rel}","templated":true}]}}